{"id":166,"date":"2018-02-20T14:57:02","date_gmt":"2018-02-20T05:57:02","guid":{"rendered":"http:\/\/tohoku-arukanren.fd531.com\/?page_id=166"},"modified":"2019-11-07T16:10:23","modified_gmt":"2019-11-07T07:10:23","slug":"%e7%94%b3%e8%be%bc%e3%81%bf%e3%83%95%e3%82%a9%e3%83%bc%e3%83%a0","status":"publish","type":"page","link":"https:\/\/tohoku-arukanren.fd531.com\/?page_id=166","title":{"rendered":"\u5165\u4f1a\u7533\u8fbc\u307f\u30d5\u30a9\u30fc\u30e0"},"content":{"rendered":"<h2>\u6771\u5317\u30a2\u30eb\u30b3\u30fc\u30eb\u95a2\u9023\u554f\u984c\u5b66\u4f1a\u5165\u4f1a\u7533\u8fbc\u307f\u30d5\u30a9\u30fc\u30e0<\/h2>\n\n<div class=\"wpcf7 no-js\" id=\"wpcf7-f180-o1\" lang=\"ja\" dir=\"ltr\" data-wpcf7-id=\"180\">\n<div class=\"screen-reader-response\"><p role=\"status\" aria-live=\"polite\" aria-atomic=\"true\"><\/p> <ul><\/ul><\/div>\n<form action=\"\/index.php?rest_route=%2Fwp%2Fv2%2Fpages%2F166#wpcf7-f180-o1\" method=\"post\" class=\"wpcf7-form init\" aria-label=\"\u30b3\u30f3\u30bf\u30af\u30c8\u30d5\u30a9\u30fc\u30e0\" novalidate=\"novalidate\" data-status=\"init\">\n<fieldset class=\"hidden-fields-container\"><input type=\"hidden\" name=\"_wpcf7\" value=\"180\" \/><input type=\"hidden\" name=\"_wpcf7_version\" value=\"6.1.5\" \/><input type=\"hidden\" name=\"_wpcf7_locale\" value=\"ja\" \/><input type=\"hidden\" name=\"_wpcf7_unit_tag\" value=\"wpcf7-f180-o1\" \/><input type=\"hidden\" name=\"_wpcf7_container_post\" value=\"0\" \/><input type=\"hidden\" name=\"_wpcf7_posted_data_hash\" value=\"\" \/>\n<\/fieldset>\n<div class=\"h-adr\">\n\t<p><span class=\"p-country-name\" style=\"display:none;\">Japan<\/span><br \/>\n\u6c0f\u540d(\u6f22\u5b57)<span style=\"color:#ff0000;\"> \u5fc5\u9808<\/span><span class=\"wpcf7-form-control-wrap\" data-name=\"your-name\"><input size=\"40\" maxlength=\"400\" class=\"wpcf7-form-control wpcf7-text wpcf7-validates-as-required\" aria-required=\"true\" aria-invalid=\"false\" placeholder=\"\u4f8b\uff1a\u5c71\u7530\u3000\u592a\u90ce\" value=\"\" type=\"text\" name=\"your-name\" \/><\/span><br \/>\n\u6c0f\u540d(\u30d5\u30ea\u30ac\u30ca)<span style=\"color:#ff0000;\"> \u5fc5\u9808<\/span><span class=\"wpcf7-form-control-wrap\" data-name=\"your-namekana\"><input size=\"40\" maxlength=\"400\" class=\"wpcf7-form-control wpcf7-text wpcf7-validates-as-required\" aria-required=\"true\" aria-invalid=\"false\" placeholder=\"\u4f8b\uff1a\u30e4\u30de\u30c0 \u30bf\u30ed\u30a6\" value=\"\" type=\"text\" name=\"your-namekana\" \/><\/span><br \/>\n\u6027\u5225<span style=\"color:#ff0000;\"> \u5fc5\u9808<\/span><span class=\"wpcf7-form-control-wrap\" data-name=\"radio-256\"><span class=\"wpcf7-form-control wpcf7-radio\"><span class=\"wpcf7-list-item first\"><label><input type=\"radio\" name=\"radio-256\" value=\"\u7537\" \/><span class=\"wpcf7-list-item-label\">\u7537<\/span><\/label><\/span><span class=\"wpcf7-list-item last\"><label><input type=\"radio\" name=\"radio-256\" value=\"\u5973\" \/><span class=\"wpcf7-list-item-label\">\u5973<\/span><\/label><\/span><\/span><\/span><br \/>\n\u52e4\u52d9\u5148<span style=\"color:#ff0000;\"> \u5fc5\u9808<\/span><span class=\"wpcf7-form-control-wrap\" data-name=\"kinmusaki\"><input size=\"40\" maxlength=\"400\" class=\"wpcf7-form-control wpcf7-text wpcf7-validates-as-required\" aria-required=\"true\" aria-invalid=\"false\" placeholder=\"\u4f8b\uff1a\u6771\u5317\u4f1a\u75c5\u9662\" value=\"\" type=\"text\" name=\"kinmusaki\" \/><\/span><br \/>\n\u3000\u8077\u7a2e<span style=\"color:#ff0000;\"> \u5fc5\u9808<\/span><span class=\"wpcf7-form-control-wrap\" data-name=\"syokusyu\"><input size=\"40\" maxlength=\"400\" class=\"wpcf7-form-control wpcf7-text wpcf7-validates-as-required\" aria-required=\"true\" aria-invalid=\"false\" placeholder=\"\u4f8b\uff1a\u770b\u8b77\u5e2b\" value=\"\" type=\"text\" name=\"syokusyu\" \/><\/span><br \/>\n\u3000\u3012(\u6b63\u3057\u3044\u90f5\u4fbf\u756a\u53f7\u3092\u5165\u529b\u3059\u308b\u3068\u4f4f\u6240\u6b04\u306b\u88dc\u5b8c\u3055\u308c\u307e\u3059\u3002)<span style=\"color:#ff0000;\"> \u5fc5\u9808<\/span><span class=\"wpcf7-form-control-wrap\" data-name=\"kinnmu-zipcode\"><input size=\"8\" maxlength=\"400\" minlength=\"8\" class=\"wpcf7-form-control wpcf7-text wpcf7-validates-as-required p-postal-code\" aria-required=\"true\" aria-invalid=\"false\" placeholder=\"\u4f8b\uff1a980-1234\" value=\"\" type=\"text\" name=\"kinnmu-zipcode\" \/><\/span><br \/>\n\u3000\u52e4\u52d9\u5148\u4f4f\u6240<span class=\"wpcf7-form-control-wrap\" data-name=\"kinnmu-addr\"><input size=\"40\" maxlength=\"400\" class=\"wpcf7-form-control wpcf7-text p-region p-locality p-street-address p-extended-address\" aria-invalid=\"false\" value=\"\" type=\"text\" name=\"kinnmu-addr\" \/><\/span><br \/>\n\u3000\u96fb\u8a71\u756a\u53f7<span style=\"color:#ff0000;\"> \u5fc5\u9808<\/span><span class=\"wpcf7-form-control-wrap\" data-name=\"tel\"><input size=\"40\" maxlength=\"400\" class=\"wpcf7-form-control wpcf7-text wpcf7-validates-as-required\" aria-required=\"true\" aria-invalid=\"false\" placeholder=\"\u4f8b\uff1a0952-60-6240\" value=\"\" type=\"text\" name=\"tel\" \/><\/span>\n\t<\/p>\n<\/div>\n<div class=\"h-adr\">\n\t<p><span class=\"p-country-name\" style=\"display:none;\">Japan<\/span><br \/>\n\u3012(\u4efb\u610f)(\u6b63\u3057\u3044\u90f5\u4fbf\u756a\u53f7\u3092\u5165\u529b\u3059\u308b\u3068\u4f4f\u6240\u6b04\u306b\u88dc\u5b8c\u3055\u308c\u307e\u3059\u3002)<span class=\"wpcf7-form-control-wrap\" data-name=\"zitaku-zip\"><input size=\"8\" maxlength=\"400\" minlength=\"8\" class=\"wpcf7-form-control wpcf7-text p-postal-code\" aria-invalid=\"false\" placeholder=\"\u4f8b\uff1a980-1234\" value=\"\" type=\"text\" name=\"zitaku-zip\" \/><\/span><br \/>\n\u81ea\u5b85\u4f4f\u6240(\u4efb\u610f)<span class=\"wpcf7-form-control-wrap\" data-name=\"zitaku-addr\"><input size=\"40\" maxlength=\"400\" class=\"wpcf7-form-control wpcf7-text p-region p-locality p-street-address p-extended-address\" aria-invalid=\"false\" value=\"\" type=\"text\" name=\"zitaku-addr\" \/><\/span>\n\t<\/p>\n<\/div>\n<p>\u30e1\u30fc\u30eb\u30a2\u30c9\u30ec\u30b9<span style=\"color:#ff0000;\"> \u5fc5\u9808<\/span><br \/>\n<span class=\"wpcf7-form-control-wrap\" data-name=\"inquiry_mail\"><input size=\"40\" maxlength=\"400\" class=\"wpcf7-form-control wpcf7-email wpcf7-validates-as-required wpcf7-text wpcf7-validates-as-email\" aria-required=\"true\" aria-invalid=\"false\" placeholder=\"\u4f8b\uff1a\u00d7\u00d7\u00d7@\u00d7\u00d7\u00d7.com\" value=\"\" type=\"email\" name=\"inquiry_mail\" \/><\/span><br \/>\n\u30e1\u30fc\u30eb\u30a2\u30c9\u30ec\u30b9(\u78ba\u8a8d)<span style=\"color:#ff0000;\"> \u5fc5\u9808<\/span><br \/>\n<span class=\"wpcf7-form-control-wrap\" data-name=\"inquiry_mail_confirm\"><input size=\"40\" maxlength=\"400\" class=\"wpcf7-form-control wpcf7-email wpcf7-validates-as-required wpcf7-text wpcf7-validates-as-email\" aria-required=\"true\" aria-invalid=\"false\" placeholder=\"\u4f8b\uff1a\u00d7\u00d7\u00d7@\u00d7\u00d7\u00d7.com\" value=\"\" type=\"email\" name=\"inquiry_mail_confirm\" \/><\/span>\n<\/p>\n<p class=\"text-xs-center\"><input class=\"wpcf7-form-control wpcf7-back wpcf7c-elm-step2 wpcf7c-btn-back wpcf7c-force-hide\" type=\"button\" value=\"\u623b\u308b\" \/><input class=\"wpcf7-form-control wpcf7-confirm wpcf7c-elm-step1 wpcf7c-btn-confirm wpcf7c-force-hide\" type=\"submit\" value=\"\u78ba\u8a8d\u753b\u9762\u3078\" \/><input class=\"wpcf7-form-control wpcf7-submit has-spinner btn btn-success btn-lg\" type=\"submit\" value=\"\u9001\u4fe1\u3059\u308b\" \/>\n<\/p><p style=\"display: none !important;\" class=\"akismet-fields-container\" data-prefix=\"_wpcf7_ak_\"><label>&#916;<textarea name=\"_wpcf7_ak_hp_textarea\" cols=\"45\" rows=\"8\" maxlength=\"100\"><\/textarea><\/label><input type=\"hidden\" id=\"ak_js_1\" name=\"_wpcf7_ak_js\" value=\"38\"\/><script>document.getElementById( \"ak_js_1\" ).setAttribute( \"value\", ( new Date() ).getTime() );<\/script><\/p><div class=\"wpcf7-response-output\" aria-hidden=\"true\"><\/div>\n<\/form>\n<\/div>\n\n","protected":false},"excerpt":{"rendered":"<p>\u6771\u5317\u30a2\u30eb\u30b3\u30fc\u30eb\u95a2\u9023\u554f\u984c\u5b66\u4f1a\u5165\u4f1a\u7533\u8fbc\u307f\u30d5\u30a9\u30fc\u30e0<\/p>\n","protected":false},"author":1,"featured_media":0,"parent":0,"menu_order":0,"comment_status":"closed","ping_status":"closed","template":"","meta":{"_s2mail":"yes","footnotes":""},"class_list":["post-166","page","type-page","status-publish","hentry"],"_links":{"self":[{"href":"https:\/\/tohoku-arukanren.fd531.com\/index.php?rest_route=\/wp\/v2\/pages\/166","targetHints":{"allow":["GET"]}}],"collection":[{"href":"https:\/\/tohoku-arukanren.fd531.com\/index.php?rest_route=\/wp\/v2\/pages"}],"about":[{"href":"https:\/\/tohoku-arukanren.fd531.com\/index.php?rest_route=\/wp\/v2\/types\/page"}],"author":[{"embeddable":true,"href":"https:\/\/tohoku-arukanren.fd531.com\/index.php?rest_route=\/wp\/v2\/users\/1"}],"replies":[{"embeddable":true,"href":"https:\/\/tohoku-arukanren.fd531.com\/index.php?rest_route=%2Fwp%2Fv2%2Fcomments&post=166"}],"version-history":[{"count":9,"href":"https:\/\/tohoku-arukanren.fd531.com\/index.php?rest_route=\/wp\/v2\/pages\/166\/revisions"}],"predecessor-version":[{"id":609,"href":"https:\/\/tohoku-arukanren.fd531.com\/index.php?rest_route=\/wp\/v2\/pages\/166\/revisions\/609"}],"wp:attachment":[{"href":"https:\/\/tohoku-arukanren.fd531.com\/index.php?rest_route=%2Fwp%2Fv2%2Fmedia&parent=166"}],"curies":[{"name":"wp","href":"https:\/\/api.w.org\/{rel}","templated":true}]}}